{"id":73,"date":"2024-12-12T09:35:38","date_gmt":"2024-12-12T09:35:38","guid":{"rendered":"https:\/\/drkharchenrinpoche.com\/?page_id=73"},"modified":"2025-07-18T11:47:00","modified_gmt":"2025-07-18T11:47:00","slug":"veranstaltungen","status":"publish","type":"page","link":"https:\/\/drkharchenrinpoche.com\/de\/veranstaltungen\/","title":{"rendered":""},"content":{"rendered":"<figure class=\"wp-block-image alignwide size-full\"><img loading=\"lazy\" decoding=\"async\" width=\"720\" height=\"1280\" src=\"https:\/\/drkharchenrinpoche.com\/wp-content\/uploads\/2025\/07\/event-1.png\" alt=\"\" class=\"wp-image-491\" srcset=\"https:\/\/drkharchenrinpoche.com\/wp-content\/uploads\/2025\/07\/event-1.png 720w, https:\/\/drkharchenrinpoche.com\/wp-content\/uploads\/2025\/07\/event-1-169x300.png 169w, https:\/\/drkharchenrinpoche.com\/wp-content\/uploads\/2025\/07\/event-1-576x1024.png 576w, https:\/\/drkharchenrinpoche.com\/wp-content\/uploads\/2025\/07\/event-1-7x12.png 7w\" sizes=\"auto, (max-width: 720px) 100vw, 720px\" \/><\/figure>\n\n\n\n<div class=\"wp-block-columns alignwide are-vertically-aligned-center is-layout-flex wp-container-core-columns-is-layout-28f84493 wp-block-columns-is-layout-flex\">\n<div class=\"wp-block-column is-vertically-aligned-center is-layout-flow wp-block-column-is-layout-flow\">\n<p style=\"line-height:2\"><strong>Location:<\/strong><br>Online<\/p>\n<\/div>\n\n\n\n<div class=\"wp-block-column is-vertically-aligned-center is-layout-flow wp-block-column-is-layout-flow\">\n<p style=\"line-height:2\"><strong>Date:<\/strong><br>August, 9 2025 &#8211; August, 10 2025<\/p>\n<\/div>\n\n\n\n<div class=\"wp-block-column is-vertically-aligned-center is-layout-flow wp-block-column-is-layout-flow\">\n<div class=\"wp-block-buttons is-layout-flex wp-block-buttons-is-layout-flex\">\n<div class=\"wp-block-button has-custom-width wp-block-button__width-100\"><a class=\"wp-block-button__link has-text-color has-background wp-element-button\" href=\"mailto:marie@jambodragon.com\" style=\"color:#efefef;background-color:#262626\">Contact: marie@jambodragon.com<\/a><\/div>\n<\/div>\n<\/div>\n<\/div>\n\n\n\n<div class=\"wp-block-group alignfull has-background-background-color has-background has-global-padding is-layout-constrained wp-container-core-group-is-layout-7276a2bb wp-block-group-is-layout-constrained\" style=\"margin-top:0;margin-bottom:0;padding-top:var(--wp--preset--spacing--60);padding-right:var(--wp--preset--spacing--30);padding-bottom:var(--wp--preset--spacing--60);padding-left:var(--wp--preset--spacing--30)\">\n<div class=\"wp-block-columns alignwide is-layout-flex wp-container-core-columns-is-layout-28f84493 wp-block-columns-is-layout-flex\">\n<div class=\"wp-block-column is-layout-flow wp-block-column-is-layout-flow\">\n<div class=\"wp-block-columns has-tertiary-background-color has-background is-layout-flex wp-container-core-columns-is-layout-28f84493 wp-block-columns-is-layout-flex\">\n<div class=\"wp-block-column is-layout-flow wp-block-column-is-layout-flow\" style=\"flex-basis:47%\">\n<figure class=\"wp-block-image size-large\"><img loading=\"lazy\" decoding=\"async\" width=\"1024\" height=\"724\" src=\"https:\/\/drkharchenrinpoche.com\/wp-content\/uploads\/2025\/01\/Maerz-2025_Karchen-Rinpoche-Huenfeld-1-1024x724.jpg\" alt=\"\" class=\"wp-image-388\" srcset=\"https:\/\/drkharchenrinpoche.com\/wp-content\/uploads\/2025\/01\/Maerz-2025_Karchen-Rinpoche-Huenfeld-1-1024x724.jpg 1024w, https:\/\/drkharchenrinpoche.com\/wp-content\/uploads\/2025\/01\/Maerz-2025_Karchen-Rinpoche-Huenfeld-1-300x212.jpg 300w, https:\/\/drkharchenrinpoche.com\/wp-content\/uploads\/2025\/01\/Maerz-2025_Karchen-Rinpoche-Huenfeld-1-768x543.jpg 768w, https:\/\/drkharchenrinpoche.com\/wp-content\/uploads\/2025\/01\/Maerz-2025_Karchen-Rinpoche-Huenfeld-1-1536x1086.jpg 1536w, https:\/\/drkharchenrinpoche.com\/wp-content\/uploads\/2025\/01\/Maerz-2025_Karchen-Rinpoche-Huenfeld-1-18x12.jpg 18w, https:\/\/drkharchenrinpoche.com\/wp-content\/uploads\/2025\/01\/Maerz-2025_Karchen-Rinpoche-Huenfeld-1.jpg 2048w\" sizes=\"auto, (max-width: 1024px) 100vw, 1024px\" \/><\/figure>\n<\/div>\n\n\n\n<div class=\"wp-block-column is-layout-flow wp-block-column-is-layout-flow\" style=\"flex-basis:53%\">\n<div class=\"wp-block-group has-global-padding is-layout-constrained wp-block-group-is-layout-constrained\" style=\"padding-top:var(--wp--preset--spacing--40);padding-bottom:var(--wp--preset--spacing--40)\">\n<h3 class=\"wp-block-heading\" style=\"font-size:clamp(1.119rem, 1.119rem + ((1vw - 0.2rem) * 1.052), 1.75rem);line-height:1.5\"><a>Kharchen Ling International Retreat Center<\/a><\/h3>\n\n\n\n<p>Wir freuen uns sehr, ank\u00fcndigen zu k\u00f6nnen, dass S. E. Kharchen Rinpoche aus Bhutan zu uns kommen wird, um zu lehren und zu erm\u00e4chtigen. Dies ist eine besondere Gelegenheit und jeder ist willkommen.<\/p>\n\n\n\n<p class=\"has-small-font-size\" style=\"margin-top:12px\"><\/p>\n\n\n\n<p><\/p>\n\n\n\n<p><\/p>\n<\/div>\n<\/div>\n<\/div>\n<\/div>\n<\/div>\n<\/div>\n\n\n\n<p><\/p>","protected":false},"excerpt":{"rendered":"<p>Location:Online Date:August, 9 2025 &#8211; August, 10 2025 Kharchen Ling International Retreat Center We are very happy to announce that H. E. Kharchen Rinpoche from Bhutan will be coming to visit us for teaching and empowerment. This is a special opportunity and everyone is welcome.<\/p>","protected":false},"author":1,"featured_media":0,"parent":0,"menu_order":0,"comment_status":"closed","ping_status":"closed","template":"","meta":{"footnotes":""},"class_list":["post-73","page","type-page","status-publish","hentry"],"_links":{"self":[{"href":"https:\/\/drkharchenrinpoche.com\/de\/wp-json\/wp\/v2\/pages\/73","targetHints":{"allow":["GET"]}}],"collection":[{"href":"https:\/\/drkharchenrinpoche.com\/de\/wp-json\/wp\/v2\/pages"}],"about":[{"href":"https:\/\/drkharchenrinpoche.com\/de\/wp-json\/wp\/v2\/types\/page"}],"author":[{"embeddable":true,"href":"https:\/\/drkharchenrinpoche.com\/de\/wp-json\/wp\/v2\/users\/1"}],"replies":[{"embeddable":true,"href":"https:\/\/drkharchenrinpoche.com\/de\/wp-json\/wp\/v2\/comments?post=73"}],"version-history":[{"count":14,"href":"https:\/\/drkharchenrinpoche.com\/de\/wp-json\/wp\/v2\/pages\/73\/revisions"}],"predecessor-version":[{"id":503,"href":"https:\/\/drkharchenrinpoche.com\/de\/wp-json\/wp\/v2\/pages\/73\/revisions\/503"}],"wp:attachment":[{"href":"https:\/\/drkharchenrinpoche.com\/de\/wp-json\/wp\/v2\/media?parent=73"}],"curies":[{"name":"wp","href":"https:\/\/api.w.org\/{rel}","templated":true}]}}