{"id":63,"date":"2024-12-12T09:32:45","date_gmt":"2024-12-12T09:32:45","guid":{"rendered":"https:\/\/drkharchenrinpoche.com\/?page_id=63"},"modified":"2025-04-18T08:15:00","modified_gmt":"2025-04-18T08:15:00","slug":"die-uebertragungslinien","status":"publish","type":"page","link":"https:\/\/drkharchenrinpoche.com\/de\/die-uebertragungslinien\/","title":{"rendered":"Die \u00dcbertragungslinien"},"content":{"rendered":"<div class=\"wp-block-group alignfull has-background-background-color has-background has-global-padding is-layout-constrained wp-container-core-group-is-layout-7276a2bb wp-block-group-is-layout-constrained\" style=\"margin-top:0;margin-bottom:0;padding-top:var(--wp--preset--spacing--60);padding-right:var(--wp--preset--spacing--30);padding-bottom:var(--wp--preset--spacing--60);padding-left:var(--wp--preset--spacing--30)\">\n<div class=\"wp-block-columns alignwide are-vertically-aligned-center is-layout-flex wp-container-core-columns-is-layout-47c06fe3 wp-block-columns-is-layout-flex\">\n<div class=\"wp-block-column is-vertically-aligned-center is-layout-flow wp-block-column-is-layout-flow\" style=\"flex-basis:60%\">\n<h2 class=\"wp-block-heading has-text-align-left has-large-font-size\"><strong>Kharchen Tr\u00fclku Rinpoche\u2019s \u00dcbertragungslinie<\/strong><\/h2>\n\n\n\n<p>Als Kind hatte Rinpoche h\u00e4ufig Tr\u00e4ume und Visionen. Er reiste durch Tibet, besuchte heilige Orte, besuchte sein Kloster, sah Khandro Yeshe Tsogyel und f\u00fchlte sich mit ihr stark verbunden.<\/p>\n\n\n\n<p>\u00c4u\u00dferlich h\u00e4lt Rinpoche die Drukpa Kagy\u00fcd-Linie.<\/p>\n\n\n\n<p>Seine innere Linie ist die Nyingma-Tradition von Gangteng Rinpoche, der ihn P\u00e9-ling, die Linie von Pema Lingpa, lehrte.<\/p>\n\n\n\n<p>Seine Hauptlinie, seine geheime Linie, ist Nyinthig. Dies ist die Linie von Guru Rinpoche.&nbsp;<\/p>\n\n\n\n<p>Nyingthig bedeutet \u201eHerzessenz\u201c. Ob wir nun Mahayana oder Vajrayana praktizieren - Nyingthig ist die Hauptlinie, es ist die wesentlichste Linie. Jeder folgt ihr, besonders Ngakpas. Manchmal wird sie auch Nyingthig Yangthig genannt. Das Geheimnis der Geheimnisse. Die geheimste Essenz; der Rat des Marks.<\/p>\n\n\n\n<p style=\"margin-top:16px\">Die meisten der Linien, die Rinpoche h\u00e4lt, hat er in Visionen, dag-nang, erhalten.<\/p>\n<\/div>\n\n\n\n<div class=\"wp-block-column is-vertically-aligned-center is-layout-flow wp-container-core-column-is-layout-f5bb311e wp-block-column-is-layout-flow\" style=\"flex-basis:50%\">\n<figure class=\"wp-block-image size-full is-resized\"><img loading=\"lazy\" decoding=\"async\" width=\"1000\" height=\"879\" src=\"https:\/\/drkharchenrinpoche.com\/wp-content\/uploads\/2024\/11\/Bild1-1.jpg\" alt=\"\" class=\"wp-image-40\" style=\"aspect-ratio:1.3333333333333333;object-fit:cover;width:496px;height:auto\" srcset=\"https:\/\/drkharchenrinpoche.com\/wp-content\/uploads\/2024\/11\/Bild1-1.jpg 1000w, https:\/\/drkharchenrinpoche.com\/wp-content\/uploads\/2024\/11\/Bild1-1-300x264.jpg 300w, https:\/\/drkharchenrinpoche.com\/wp-content\/uploads\/2024\/11\/Bild1-1-768x675.jpg 768w\" sizes=\"auto, (max-width: 1000px) 100vw, 1000px\" \/><\/figure>\n<\/div>\n<\/div>\n\n\n\n<figure class=\"wp-block-gallery aligncenter has-nested-images columns-default is-cropped wp-block-gallery-1 is-layout-flex wp-block-gallery-is-layout-flex\">\n<figure class=\"wp-block-image size-large\"><img loading=\"lazy\" decoding=\"async\" width=\"625\" height=\"1024\" data-id=\"306\" src=\"https:\/\/drkharchenrinpoche.com\/wp-content\/uploads\/2025\/01\/IMG-20250109-WA0012-625x1024.jpg\" alt=\"\" class=\"wp-image-306\" srcset=\"https:\/\/drkharchenrinpoche.com\/wp-content\/uploads\/2025\/01\/IMG-20250109-WA0012-625x1024.jpg 625w, https:\/\/drkharchenrinpoche.com\/wp-content\/uploads\/2025\/01\/IMG-20250109-WA0012-183x300.jpg 183w, https:\/\/drkharchenrinpoche.com\/wp-content\/uploads\/2025\/01\/IMG-20250109-WA0012-768x1258.jpg 768w, https:\/\/drkharchenrinpoche.com\/wp-content\/uploads\/2025\/01\/IMG-20250109-WA0012-938x1536.jpg 938w, https:\/\/drkharchenrinpoche.com\/wp-content\/uploads\/2025\/01\/IMG-20250109-WA0012-7x12.jpg 7w, https:\/\/drkharchenrinpoche.com\/wp-content\/uploads\/2025\/01\/IMG-20250109-WA0012.jpg 1250w\" sizes=\"auto, (max-width: 625px) 100vw, 625px\" \/><\/figure>\n\n\n\n<figure class=\"wp-block-image size-large\"><img loading=\"lazy\" decoding=\"async\" width=\"768\" height=\"1024\" data-id=\"228\" src=\"https:\/\/drkharchenrinpoche.com\/wp-content\/uploads\/2024\/12\/14_KI-768x1024.jpg\" alt=\"\" class=\"wp-image-228\" srcset=\"https:\/\/drkharchenrinpoche.com\/wp-content\/uploads\/2024\/12\/14_KI-768x1024.jpg 768w, https:\/\/drkharchenrinpoche.com\/wp-content\/uploads\/2024\/12\/14_KI-225x300.jpg 225w, https:\/\/drkharchenrinpoche.com\/wp-content\/uploads\/2024\/12\/14_KI-1152x1536.jpg 1152w, https:\/\/drkharchenrinpoche.com\/wp-content\/uploads\/2024\/12\/14_KI-1536x2048.jpg 1536w, https:\/\/drkharchenrinpoche.com\/wp-content\/uploads\/2024\/12\/14_KI-9x12.jpg 9w, https:\/\/drkharchenrinpoche.com\/wp-content\/uploads\/2024\/12\/14_KI-scaled.jpg 1920w\" sizes=\"auto, (max-width: 768px) 100vw, 768px\" \/><\/figure>\n<\/figure>\n<\/div>\n\n\n\n<figure class=\"wp-block-image size-large\"><img loading=\"lazy\" decoding=\"async\" width=\"1024\" height=\"576\" src=\"https:\/\/drkharchenrinpoche.com\/wp-content\/uploads\/2024\/12\/IMG-20241219-WA0007-1024x576.jpg\" alt=\"\" class=\"wp-image-178\" srcset=\"https:\/\/drkharchenrinpoche.com\/wp-content\/uploads\/2024\/12\/IMG-20241219-WA0007-1024x576.jpg 1024w, https:\/\/drkharchenrinpoche.com\/wp-content\/uploads\/2024\/12\/IMG-20241219-WA0007-300x169.jpg 300w, https:\/\/drkharchenrinpoche.com\/wp-content\/uploads\/2024\/12\/IMG-20241219-WA0007-768x432.jpg 768w, https:\/\/drkharchenrinpoche.com\/wp-content\/uploads\/2024\/12\/IMG-20241219-WA0007-18x10.jpg 18w, https:\/\/drkharchenrinpoche.com\/wp-content\/uploads\/2024\/12\/IMG-20241219-WA0007.jpg 1080w\" sizes=\"auto, (max-width: 1024px) 100vw, 1024px\" \/><\/figure>","protected":false},"excerpt":{"rendered":"<p>Kharchen Tr\u00fclku Rinpoche\u2019s Lineage As a child, Rinpoche frequently experienced dreams and visions. Travelling in Tibet, visiting holy places, visiting his monastery, seeing Khandro Yeshe Tsogyel and feeling vitally connected to her. Externally, Rinpoche holds the Drukpa Kagy\u00fcd Lineage. His inner Lineage is the Nyingma tradition from Gangteng Rinpoche who taught him P\u00e9-ling, Pema Lingpa\u2019s [&hellip;]<\/p>\n","protected":false},"author":1,"featured_media":0,"parent":0,"menu_order":0,"comment_status":"closed","ping_status":"closed","template":"","meta":{"footnotes":""},"class_list":["post-63","page","type-page","status-publish","hentry"],"_links":{"self":[{"href":"https:\/\/drkharchenrinpoche.com\/de\/wp-json\/wp\/v2\/pages\/63","targetHints":{"allow":["GET"]}}],"collection":[{"href":"https:\/\/drkharchenrinpoche.com\/de\/wp-json\/wp\/v2\/pages"}],"about":[{"href":"https:\/\/drkharchenrinpoche.com\/de\/wp-json\/wp\/v2\/types\/page"}],"author":[{"embeddable":true,"href":"https:\/\/drkharchenrinpoche.com\/de\/wp-json\/wp\/v2\/users\/1"}],"replies":[{"embeddable":true,"href":"https:\/\/drkharchenrinpoche.com\/de\/wp-json\/wp\/v2\/comments?post=63"}],"version-history":[{"count":8,"href":"https:\/\/drkharchenrinpoche.com\/de\/wp-json\/wp\/v2\/pages\/63\/revisions"}],"predecessor-version":[{"id":348,"href":"https:\/\/drkharchenrinpoche.com\/de\/wp-json\/wp\/v2\/pages\/63\/revisions\/348"}],"wp:attachment":[{"href":"https:\/\/drkharchenrinpoche.com\/de\/wp-json\/wp\/v2\/media?parent=63"}],"curies":[{"name":"wp","href":"https:\/\/api.w.org\/{rel}","templated":true}]}}