{"id":61,"date":"2024-12-12T09:32:08","date_gmt":"2024-12-12T09:32:08","guid":{"rendered":"https:\/\/drkharchenrinpoche.com\/?page_id=61"},"modified":"2025-05-06T12:56:41","modified_gmt":"2025-05-06T12:56:41","slug":"die-lehrer","status":"publish","type":"page","link":"https:\/\/drkharchenrinpoche.com\/de\/die-lehrer\/","title":{"rendered":"Die Lehrer"},"content":{"rendered":"<div class=\"wp-block-group alignwide is-nowrap is-layout-flex wp-container-core-group-is-layout-6c531013 wp-block-group-is-layout-flex\">\n<div class=\"wp-block-columns is-layout-flex wp-container-core-columns-is-layout-28f84493 wp-block-columns-is-layout-flex\">\n<div class=\"wp-block-column is-layout-flow wp-block-column-is-layout-flow\" style=\"flex-basis:100%\">\n<h2 class=\"wp-block-heading\">Kharchen Tr\u00fclku Wangchuk Rig\u2019dzin Rinpoche\u2019s teachers<\/h2>\n\n\n\n<p class=\"has-text-align-left\">Einer seiner wichtigsten Lehrer war&nbsp;<strong>Mi\u2019pham Rinpoche<\/strong>, von dem er viele Belehrungen und \u00dcbertragungen in Visionen und Tr\u00e4umen erhielt. Mipham Rinpoche stammte aus dem G\u00f6-kar-chang-lo, obwohl er sich in rote Roben kleidete. Mi'pham Rinpoche war mit Tshering Chenga verheiratet, den f\u00fcnf Schwestern der Langlebigkeit oder f\u00fcnf Khandros. \u00c4u\u00dferlich verkehrte er nicht mit menschlichen Frauen, aber er tat es innerlich und im Geheimen.<\/p>\n<\/div>\n<\/div>\n<\/div>\n\n\n\n<div class=\"wp-block-media-text alignwide is-stacked-on-mobile\" style=\"grid-template-columns:34% auto\"><figure class=\"wp-block-media-text__media\"><img loading=\"lazy\" decoding=\"async\" width=\"720\" height=\"938\" src=\"https:\/\/drkharchenrinpoche.com\/wp-content\/uploads\/2025\/01\/IMG-20250109-WA0004.jpg\" alt=\"\" class=\"wp-image-293 size-full\" srcset=\"https:\/\/drkharchenrinpoche.com\/wp-content\/uploads\/2025\/01\/IMG-20250109-WA0004.jpg 720w, https:\/\/drkharchenrinpoche.com\/wp-content\/uploads\/2025\/01\/IMG-20250109-WA0004-230x300.jpg 230w, https:\/\/drkharchenrinpoche.com\/wp-content\/uploads\/2025\/01\/IMG-20250109-WA0004-9x12.jpg 9w\" sizes=\"auto, (max-width: 720px) 100vw, 720px\" \/><\/figure><div class=\"wp-block-media-text__content\">\n<p>Mi'pham Rinpoche ist eine interessante Figur, denn er hatte schreckliche Lebensumst\u00e4nde und war immer krank. Wenn er gT\u00e9rma offenbarte, wurde er krank. Das liegt daran, dass die Leute neidisch waren und st\u00e4ndig schwarze Magie auf ihn richteten. Er sagte:&nbsp;<\/p>\n\n\n\n<p><em><strong>\u201eWenn du meine Linie praktizieren willst, dann mach dich nicht beliebt, sondern praktiziere meine Linie heimlich.\u201c<\/strong><\/em><\/p>\n\n\n\n<p>Mi'pham Rinpoche ist ber\u00fchmt, weil er nie besiegt werden konnte. Nyingma, Kagyu, Sakya, G\u00e9lug, B\u00f6n... alle haben es versucht, aber keiner war je erfolgreich. Das ist es, was 'Mi'pham' w\u00f6rtlich bedeutet:&nbsp;<strong><em>unbesiegt.<\/em><\/strong><\/p>\n\n\n\n<p>Er sagt:<\/p>\n\n\n\n<p>&nbsp;<em><strong>\u201eMan kann mich mit St\u00f6cken, Steinen und Pistolen besiegen, aber niemand kann mich durch Weisheit besiegen.\u201c<\/strong><\/em><\/p>\n\n\n\n<p>Rinpoche never met him physically but met Dilgo Khyents\u00e9 Rinpoche, his mind son, and Khenpo Jig\u2019m\u00e8d Ph\u00fcntsog Rinpoche. Khenpo Jig\u2019m\u00e8d Ph\u00fcntsog Rinpoche had many visions of Mi\u2019pham Rinpoche.\u00a0<\/p>\n<\/div><\/div>\n\n\n\n<div class=\"wp-block-media-text alignwide has-media-on-the-right is-stacked-on-mobile\" style=\"grid-template-columns:auto 30%\"><div class=\"wp-block-media-text__content\">\n<p>On Dorje Phurba \u2013 Vajrakilaya \u2013 is not connected to a particular Lineage. It is a practice that comes from Guru Rinpoche himself. Rinpoche was always highly interested in phurba because his predecessor had achieved realization through phurba practice.<\/p>\n\n\n\n<p>Als HH. Dujom Jigdrel Yeshey Dorji Rinpoche, Chatral Rinpoche und Khenchen Jigme Phuntshog Rinpoche ihm die \u00dcbertragung des&nbsp;<em>Rasiermessers der Lebenskraft des allergeheimsten Kilaya<\/em>&nbsp;sagte er ihm, er solle diese Praxis jeden Tag im Kloster aus\u00fcben. Rinpoche hatte durch diese wiederholte Praxis viele Tr\u00e4ume und Visionen. Er entwickelte einige allgemeine Siddhis wie Hellsichtigkeit. Durch Phurba konnte er manchmal vorhersagen, was passieren w\u00fcrde. Morgens konnte er den Menschen vorhersagen, was im Laufe des Tages geschehen w\u00fcrde. Er konnte auch durch gTormas hellsehen - er schaute sich das gTorma an und konnte sagen, was am Abend passieren w\u00fcrde. Wenn jemand zu Hause krank wurde, \u00fcbte er Phurba, und derjenige wurde geheilt.<\/p>\n<\/div><figure class=\"wp-block-media-text__media\"><img loading=\"lazy\" decoding=\"async\" width=\"768\" height=\"1024\" src=\"https:\/\/drkharchenrinpoche.com\/wp-content\/uploads\/2025\/01\/IMG-20250109-WA0013-768x1024.jpg\" alt=\"\" class=\"wp-image-307 size-full\" srcset=\"https:\/\/drkharchenrinpoche.com\/wp-content\/uploads\/2025\/01\/IMG-20250109-WA0013-768x1024.jpg 768w, https:\/\/drkharchenrinpoche.com\/wp-content\/uploads\/2025\/01\/IMG-20250109-WA0013-225x300.jpg 225w, https:\/\/drkharchenrinpoche.com\/wp-content\/uploads\/2025\/01\/IMG-20250109-WA0013-1152x1536.jpg 1152w, https:\/\/drkharchenrinpoche.com\/wp-content\/uploads\/2025\/01\/IMG-20250109-WA0013-9x12.jpg 9w, https:\/\/drkharchenrinpoche.com\/wp-content\/uploads\/2025\/01\/IMG-20250109-WA0013.jpg 1530w\" sizes=\"auto, (max-width: 768px) 100vw, 768px\" \/><\/figure><\/div>\n\n\n\n<div class=\"wp-block-media-text alignwide is-stacked-on-mobile\" style=\"grid-template-columns:39% auto\"><figure class=\"wp-block-media-text__media\"><img loading=\"lazy\" decoding=\"async\" width=\"849\" height=\"1024\" src=\"https:\/\/drkharchenrinpoche.com\/wp-content\/uploads\/2025\/01\/IMG-20250109-WA0014-849x1024.jpg\" alt=\"\" class=\"wp-image-308 size-full\" srcset=\"https:\/\/drkharchenrinpoche.com\/wp-content\/uploads\/2025\/01\/IMG-20250109-WA0014-849x1024.jpg 849w, https:\/\/drkharchenrinpoche.com\/wp-content\/uploads\/2025\/01\/IMG-20250109-WA0014-249x300.jpg 249w, https:\/\/drkharchenrinpoche.com\/wp-content\/uploads\/2025\/01\/IMG-20250109-WA0014-768x926.jpg 768w, https:\/\/drkharchenrinpoche.com\/wp-content\/uploads\/2025\/01\/IMG-20250109-WA0014-10x12.jpg 10w, https:\/\/drkharchenrinpoche.com\/wp-content\/uploads\/2025\/01\/IMG-20250109-WA0014.jpg 1080w\" sizes=\"auto, (max-width: 849px) 100vw, 849px\" \/><\/figure><div class=\"wp-block-media-text__content\">\n<p>Zu den weiteren Lehrern geh\u00f6ren:<\/p>\n\n\n\n<p>Rin\u2019dzin Dorje Rinpoche34, Kyabj\u00e9 Dilgo Khyents\u00e9 Rinpoche, Kyabj\u00e9 Tshankha Rinpoche<\/p>\n\n\n\n<p>Kyabj\u00e9 Khenchen Cho\u2019phel Rinpoche25, HE. Khechen Katayana Rinpoche, HH. Khenchen<\/p>\n\n\n\n<p>Jurmed Thinley Rinpoche, Kyabj\u00e9 Gangten Tulku Rinpoche, Kyabj\u00e9 Chatral Rinpoche<\/p>\n\n\n\n<p>Kyabj\u00e9 Penor Rinpoche26, Kyabj\u00e9 Khenchen Jig\u2019m\u00e8d Ph\u00fcntsog Rinpoche, Kyabj\u00e9 P\u00e9-ling<\/p>\n\n\n\n<p>Sungtrul Rinpoche27, Kyabj\u00e9 P\u00e9-ling Thugsey Rinpoche28, Kyabj\u00e9 Jekhenpo Tr\u00fclku Jig\u2019m\u00e8d<\/p>\n\n\n\n<p>Chodra Rinpoche29, Kyabj\u00e9 J\u00e9 Ten\u2019dzin Dendup Rinpoche30, Kyabj\u00e9 Jamg\u00f6n Mi\u2019pham<\/p>\n\n\n\n<p>Rinpoche, Kyabj\u00e9 D\u00fcd\u2019jom Yangsi Sang-gy\u00e9 Pema Sh\u00e9pa Rinpoche31, Kyabj\u00e9 Khenchen<\/p>\n\n\n\n<p>Pem Sherub Rinpoche32, Kyabj\u00e9 Khenchen Namdr\u00f6l Rinpoche33, HH Kyabj\u00e9 Khenchen<\/p>\n<\/div><\/div>","protected":false},"excerpt":{"rendered":"<p>Kharchen Tr\u00fclku Wangchuk Rig\u2019dzin Rinpoche\u2019s teachers One of his main teachers was&nbsp;Mi\u2019pham Rinpoche, from whom he received many teachings and transmissions in vision and dreams. Mipham Rinpoche was from the g\u00f6-kar-chang-lo although he dressed in red robes. Mi\u2019pham Rinpoche was married to the Tshering Chenga, the five sisters of longevity, or five khandros. Externally he [&hellip;]<\/p>\n","protected":false},"author":1,"featured_media":0,"parent":0,"menu_order":0,"comment_status":"closed","ping_status":"closed","template":"","meta":{"footnotes":""},"class_list":["post-61","page","type-page","status-publish","hentry"],"_links":{"self":[{"href":"https:\/\/drkharchenrinpoche.com\/de\/wp-json\/wp\/v2\/pages\/61","targetHints":{"allow":["GET"]}}],"collection":[{"href":"https:\/\/drkharchenrinpoche.com\/de\/wp-json\/wp\/v2\/pages"}],"about":[{"href":"https:\/\/drkharchenrinpoche.com\/de\/wp-json\/wp\/v2\/types\/page"}],"author":[{"embeddable":true,"href":"https:\/\/drkharchenrinpoche.com\/de\/wp-json\/wp\/v2\/users\/1"}],"replies":[{"embeddable":true,"href":"https:\/\/drkharchenrinpoche.com\/de\/wp-json\/wp\/v2\/comments?post=61"}],"version-history":[{"count":9,"href":"https:\/\/drkharchenrinpoche.com\/de\/wp-json\/wp\/v2\/pages\/61\/revisions"}],"predecessor-version":[{"id":474,"href":"https:\/\/drkharchenrinpoche.com\/de\/wp-json\/wp\/v2\/pages\/61\/revisions\/474"}],"wp:attachment":[{"href":"https:\/\/drkharchenrinpoche.com\/de\/wp-json\/wp\/v2\/media?parent=61"}],"curies":[{"name":"wp","href":"https:\/\/api.w.org\/{rel}","templated":true}]}}