{"id":187,"date":"2024-12-19T14:36:58","date_gmt":"2024-12-19T14:36:58","guid":{"rendered":"https:\/\/drkharchenrinpoche.com\/?page_id=187"},"modified":"2025-04-18T10:34:54","modified_gmt":"2025-04-18T10:34:54","slug":"kharchen-ling-internationales-retreat-zentrum","status":"publish","type":"page","link":"https:\/\/drkharchenrinpoche.com\/de\/kharchen-ling-internationales-retreat-zentrum\/","title":{"rendered":"Kharchen Ling Retreat Zentrum"},"content":{"rendered":"<div class=\"wp-block-media-text alignwide has-media-on-the-right is-stacked-on-mobile is-vertically-aligned-center\" style=\"grid-template-columns:auto 38%\"><div class=\"wp-block-media-text__content\">\n<h2 class=\"wp-block-heading\">Kharchen Ling Retreat Centre<\/h2>\n\n\n\n<p><strong>Belehrungen zur Dzogchen Praxis im Herzen von Deutschland<\/strong><\/p>\n\n\n\n<p>ist das Zentrum S.E. Dr. Kharchen Rinpoche, hier gibt er regelm\u00e4\u00dfige Unterweisungen, Einweihungen und Begleitung der pers\u00f6nlichen Praxis seiner Sch\u00fcler.<\/p>\n\n\n\n<p>Der Hof liegt in den offenen Weiten der Rh\u00f6n, weit weg von der Hektik des Alltags. Es ist ein besonderer Ort in der Natur.<\/p>\n\n\n\n<p>Hier stehen mongolische Jurten f\u00fcr dein pers\u00f6nliches Retreat in der Natur zu Verf\u00fcgung.<\/p>\n<\/div><figure class=\"wp-block-media-text__media\"><img loading=\"lazy\" decoding=\"async\" width=\"1024\" height=\"768\" src=\"https:\/\/drkharchenrinpoche.com\/wp-content\/uploads\/2025\/01\/IMG-20241220-WA0021-1024x768.jpg\" alt=\"\" class=\"wp-image-255 size-full\" srcset=\"https:\/\/drkharchenrinpoche.com\/wp-content\/uploads\/2025\/01\/IMG-20241220-WA0021-1024x768.jpg 1024w, https:\/\/drkharchenrinpoche.com\/wp-content\/uploads\/2025\/01\/IMG-20241220-WA0021-300x225.jpg 300w, https:\/\/drkharchenrinpoche.com\/wp-content\/uploads\/2025\/01\/IMG-20241220-WA0021-768x576.jpg 768w, https:\/\/drkharchenrinpoche.com\/wp-content\/uploads\/2025\/01\/IMG-20241220-WA0021-1536x1152.jpg 1536w, https:\/\/drkharchenrinpoche.com\/wp-content\/uploads\/2025\/01\/IMG-20241220-WA0021-16x12.jpg 16w, https:\/\/drkharchenrinpoche.com\/wp-content\/uploads\/2025\/01\/IMG-20241220-WA0021.jpg 2040w\" sizes=\"auto, (max-width: 1024px) 100vw, 1024px\" \/><\/figure><\/div>\n\n\n\n<figure class=\"wp-block-gallery has-nested-images columns-default is-cropped wp-block-gallery-1 is-layout-flex wp-block-gallery-is-layout-flex\">\n<figure class=\"wp-block-image size-large\"><img loading=\"lazy\" decoding=\"async\" width=\"768\" height=\"1024\" data-id=\"197\" src=\"https:\/\/drkharchenrinpoche.com\/wp-content\/uploads\/2024\/12\/IMG-20241219-WA0013-1-768x1024.jpg\" alt=\"\" class=\"wp-image-197\" srcset=\"https:\/\/drkharchenrinpoche.com\/wp-content\/uploads\/2024\/12\/IMG-20241219-WA0013-1-768x1024.jpg 768w, https:\/\/drkharchenrinpoche.com\/wp-content\/uploads\/2024\/12\/IMG-20241219-WA0013-1-225x300.jpg 225w, https:\/\/drkharchenrinpoche.com\/wp-content\/uploads\/2024\/12\/IMG-20241219-WA0013-1-1152x1536.jpg 1152w, https:\/\/drkharchenrinpoche.com\/wp-content\/uploads\/2024\/12\/IMG-20241219-WA0013-1-9x12.jpg 9w, https:\/\/drkharchenrinpoche.com\/wp-content\/uploads\/2024\/12\/IMG-20241219-WA0013-1.jpg 1530w\" sizes=\"auto, (max-width: 768px) 100vw, 768px\" \/><\/figure>\n\n\n\n<figure class=\"wp-block-image size-large\"><img loading=\"lazy\" decoding=\"async\" width=\"1024\" height=\"768\" data-id=\"254\" src=\"https:\/\/drkharchenrinpoche.com\/wp-content\/uploads\/2025\/01\/IMG-20241220-WA0020-1024x768.jpg\" alt=\"\" class=\"wp-image-254\" srcset=\"https:\/\/drkharchenrinpoche.com\/wp-content\/uploads\/2025\/01\/IMG-20241220-WA0020-1024x768.jpg 1024w, https:\/\/drkharchenrinpoche.com\/wp-content\/uploads\/2025\/01\/IMG-20241220-WA0020-300x225.jpg 300w, https:\/\/drkharchenrinpoche.com\/wp-content\/uploads\/2025\/01\/IMG-20241220-WA0020-768x576.jpg 768w, https:\/\/drkharchenrinpoche.com\/wp-content\/uploads\/2025\/01\/IMG-20241220-WA0020-16x12.jpg 16w, https:\/\/drkharchenrinpoche.com\/wp-content\/uploads\/2025\/01\/IMG-20241220-WA0020.jpg 1288w\" sizes=\"auto, (max-width: 1024px) 100vw, 1024px\" \/><\/figure>\n\n\n\n<figure class=\"wp-block-image size-large\"><img loading=\"lazy\" decoding=\"async\" width=\"1024\" height=\"768\" data-id=\"193\" src=\"https:\/\/drkharchenrinpoche.com\/wp-content\/uploads\/2024\/12\/IMG-20241219-WA0012-1024x768.jpg\" alt=\"\" class=\"wp-image-193\" srcset=\"https:\/\/drkharchenrinpoche.com\/wp-content\/uploads\/2024\/12\/IMG-20241219-WA0012-1024x768.jpg 1024w, https:\/\/drkharchenrinpoche.com\/wp-content\/uploads\/2024\/12\/IMG-20241219-WA0012-300x225.jpg 300w, https:\/\/drkharchenrinpoche.com\/wp-content\/uploads\/2024\/12\/IMG-20241219-WA0012-768x576.jpg 768w, https:\/\/drkharchenrinpoche.com\/wp-content\/uploads\/2024\/12\/IMG-20241219-WA0012-1536x1152.jpg 1536w, https:\/\/drkharchenrinpoche.com\/wp-content\/uploads\/2024\/12\/IMG-20241219-WA0012-16x12.jpg 16w, https:\/\/drkharchenrinpoche.com\/wp-content\/uploads\/2024\/12\/IMG-20241219-WA0012.jpg 2040w\" sizes=\"auto, (max-width: 1024px) 100vw, 1024px\" \/><\/figure>\n\n\n\n<figure class=\"wp-block-image size-large\"><img loading=\"lazy\" decoding=\"async\" width=\"860\" height=\"1024\" data-id=\"177\" src=\"https:\/\/drkharchenrinpoche.com\/wp-content\/uploads\/2024\/12\/IMG-20241213-WA0007-860x1024.jpg\" alt=\"\" class=\"wp-image-177\" srcset=\"https:\/\/drkharchenrinpoche.com\/wp-content\/uploads\/2024\/12\/IMG-20241213-WA0007-860x1024.jpg 860w, https:\/\/drkharchenrinpoche.com\/wp-content\/uploads\/2024\/12\/IMG-20241213-WA0007-252x300.jpg 252w, https:\/\/drkharchenrinpoche.com\/wp-content\/uploads\/2024\/12\/IMG-20241213-WA0007-768x915.jpg 768w, https:\/\/drkharchenrinpoche.com\/wp-content\/uploads\/2024\/12\/IMG-20241213-WA0007-1290x1536.jpg 1290w, https:\/\/drkharchenrinpoche.com\/wp-content\/uploads\/2024\/12\/IMG-20241213-WA0007-10x12.jpg 10w, https:\/\/drkharchenrinpoche.com\/wp-content\/uploads\/2024\/12\/IMG-20241213-WA0007.jpg 1530w\" sizes=\"auto, (max-width: 860px) 100vw, 860px\" \/><\/figure>\n\n\n\n<figure class=\"wp-block-image size-large\"><img loading=\"lazy\" decoding=\"async\" width=\"768\" height=\"1024\" data-id=\"194\" src=\"https:\/\/drkharchenrinpoche.com\/wp-content\/uploads\/2024\/12\/IMG-20241219-WA0011-2-768x1024.jpg\" alt=\"\" class=\"wp-image-194\" srcset=\"https:\/\/drkharchenrinpoche.com\/wp-content\/uploads\/2024\/12\/IMG-20241219-WA0011-2-768x1024.jpg 768w, https:\/\/drkharchenrinpoche.com\/wp-content\/uploads\/2024\/12\/IMG-20241219-WA0011-2-225x300.jpg 225w, https:\/\/drkharchenrinpoche.com\/wp-content\/uploads\/2024\/12\/IMG-20241219-WA0011-2-1152x1536.jpg 1152w, https:\/\/drkharchenrinpoche.com\/wp-content\/uploads\/2024\/12\/IMG-20241219-WA0011-2-9x12.jpg 9w, https:\/\/drkharchenrinpoche.com\/wp-content\/uploads\/2024\/12\/IMG-20241219-WA0011-2.jpg 1530w\" sizes=\"auto, (max-width: 768px) 100vw, 768px\" \/><\/figure>\n\n\n\n<figure class=\"wp-block-image size-large\"><img loading=\"lazy\" decoding=\"async\" width=\"1024\" height=\"768\" data-id=\"391\" src=\"https:\/\/drkharchenrinpoche.com\/wp-content\/uploads\/2025\/01\/IMG-20250124-WA0004-1024x768.jpg\" alt=\"\" class=\"wp-image-391\" srcset=\"https:\/\/drkharchenrinpoche.com\/wp-content\/uploads\/2025\/01\/IMG-20250124-WA0004-1024x768.jpg 1024w, https:\/\/drkharchenrinpoche.com\/wp-content\/uploads\/2025\/01\/IMG-20250124-WA0004-300x225.jpg 300w, https:\/\/drkharchenrinpoche.com\/wp-content\/uploads\/2025\/01\/IMG-20250124-WA0004-768x576.jpg 768w, https:\/\/drkharchenrinpoche.com\/wp-content\/uploads\/2025\/01\/IMG-20250124-WA0004-1536x1152.jpg 1536w, https:\/\/drkharchenrinpoche.com\/wp-content\/uploads\/2025\/01\/IMG-20250124-WA0004-16x12.jpg 16w, https:\/\/drkharchenrinpoche.com\/wp-content\/uploads\/2025\/01\/IMG-20250124-WA0004.jpg 1600w\" sizes=\"auto, (max-width: 1024px) 100vw, 1024px\" \/><\/figure>\n<\/figure>","protected":false},"excerpt":{"rendered":"<p>Kharchen Ling Retreat Centre Teachings on Dzogchen practice in the heart of Germany The Kharchen Ling International Retreat Center is the center of H.E. Dr. Kharchen Rinpoche, where he gives regular teachings, initiations and accompanies the personal practice of his students. The farm is located in the open expanses of the Rh\u00f6n, far away from [&hellip;]<\/p>\n","protected":false},"author":1,"featured_media":0,"parent":0,"menu_order":0,"comment_status":"closed","ping_status":"closed","template":"","meta":{"footnotes":""},"class_list":["post-187","page","type-page","status-publish","hentry"],"_links":{"self":[{"href":"https:\/\/drkharchenrinpoche.com\/de\/wp-json\/wp\/v2\/pages\/187","targetHints":{"allow":["GET"]}}],"collection":[{"href":"https:\/\/drkharchenrinpoche.com\/de\/wp-json\/wp\/v2\/pages"}],"about":[{"href":"https:\/\/drkharchenrinpoche.com\/de\/wp-json\/wp\/v2\/types\/page"}],"author":[{"embeddable":true,"href":"https:\/\/drkharchenrinpoche.com\/de\/wp-json\/wp\/v2\/users\/1"}],"replies":[{"embeddable":true,"href":"https:\/\/drkharchenrinpoche.com\/de\/wp-json\/wp\/v2\/comments?post=187"}],"version-history":[{"count":18,"href":"https:\/\/drkharchenrinpoche.com\/de\/wp-json\/wp\/v2\/pages\/187\/revisions"}],"predecessor-version":[{"id":448,"href":"https:\/\/drkharchenrinpoche.com\/de\/wp-json\/wp\/v2\/pages\/187\/revisions\/448"}],"wp:attachment":[{"href":"https:\/\/drkharchenrinpoche.com\/de\/wp-json\/wp\/v2\/media?parent=187"}],"curies":[{"name":"wp","href":"https:\/\/api.w.org\/{rel}","templated":true}]}}