{"id":108,"date":"2024-12-16T13:07:48","date_gmt":"2024-12-16T13:07:48","guid":{"rendered":"https:\/\/drkharchenrinpoche.com\/?page_id=108"},"modified":"2025-04-18T08:17:18","modified_gmt":"2025-04-18T08:17:18","slug":"meditation-des-dzogchen","status":"publish","type":"page","link":"https:\/\/drkharchenrinpoche.com\/de\/meditation-des-dzogchen\/","title":{"rendered":"Meditation des Dzogchen"},"content":{"rendered":"<div class=\"wp-block-media-text alignwide has-media-on-the-right is-stacked-on-mobile is-vertically-aligned-center\" style=\"grid-template-columns:auto 46%\"><div class=\"wp-block-media-text__content\">\n<h2 class=\"wp-block-heading\">Meditation des Dzogchen<\/h2>\n\n\n\n<p>Der Dzogchen Pfad wird in 3 Serien Ebenen eingeteilt. Diese besteht aus der Basis, den Pfad und der Frucht.<\/p>\n\n\n\n<p><strong>Die Basis<\/strong><\/p>\n\n\n\n<p>ist der urspr\u00fcngliche Zustand der Existenz, das Verstehen der Leere in ihr, sowie die Klarheit und eine mitf\u00fchlende Energie.<\/p>\n\n\n\n<p><strong>Der Pfad<\/strong><\/p>\n\n\n\n<p>f\u00fchrt zu einem direkten Verst\u00e4ndnis der reinen Natur des Geistes durch Meditation und Dzogchen Methoden.<\/p>\n\n\n\n<p><strong>Die Frucht<\/strong><\/p>\n\n\n\n<p>durch die Basis und den Pfad wird die Grundlage gelegt die eine Selbst Erkenntnis der eigenen wahren Natur und somit das Erfahren eines vollst\u00e4ndigen nicht dualem Erleben erm\u00f6glicht wird.<\/p>\n<\/div><figure class=\"wp-block-media-text__media\"><img loading=\"lazy\" decoding=\"async\" width=\"1024\" height=\"768\" src=\"https:\/\/drkharchenrinpoche.com\/wp-content\/uploads\/2024\/12\/12_KI-1024x768.jpg\" alt=\"\" class=\"wp-image-226 size-full\" srcset=\"https:\/\/drkharchenrinpoche.com\/wp-content\/uploads\/2024\/12\/12_KI-1024x768.jpg 1024w, https:\/\/drkharchenrinpoche.com\/wp-content\/uploads\/2024\/12\/12_KI-300x225.jpg 300w, https:\/\/drkharchenrinpoche.com\/wp-content\/uploads\/2024\/12\/12_KI-768x576.jpg 768w, https:\/\/drkharchenrinpoche.com\/wp-content\/uploads\/2024\/12\/12_KI-1536x1152.jpg 1536w, https:\/\/drkharchenrinpoche.com\/wp-content\/uploads\/2024\/12\/12_KI-2048x1536.jpg 2048w, https:\/\/drkharchenrinpoche.com\/wp-content\/uploads\/2024\/12\/12_KI-16x12.jpg 16w\" sizes=\"auto, (max-width: 1024px) 100vw, 1024px\" \/><\/figure><\/div>\n\n\n\n<div class=\"wp-block-group alignwide is-nowrap is-layout-flex wp-container-core-group-is-layout-6c531013 wp-block-group-is-layout-flex\">\n<p>Das Dzogchen bietet einen direkten Weg der Verwirklichung von Weisheit und Mitgef\u00fchls. Einmal sagte Guru Rinpoche zu Kharchen Pelgyhi Wangshuk:<\/p>\n<\/div>\n\n\n\n<h6 class=\"wp-block-heading alignwide\">&#8220;<strong>Algyi Wangschuk h\u00f6r zu!<\/strong><\/h6>\n\n\n\n<h6 class=\"wp-block-heading alignwide\"><strong>Der Geist ist urspr\u00fcnglich substanzlos ohne etwas wor\u00fcber man meditieren k\u00f6nnte. F\u00fcr den Intellekt ist er unbegr\u00fcdet und unver\u00e4ndert. Lass ihn aus sich selbst und sich selbst zeigen. Wenn Du in diesem Zustand verweilst wirst du ein Buddha ohne den Kreislauf der Existenz abzulehnen.\"<\/strong><\/h6>\n\n\n\n<div class=\"wp-block-group alignwide is-vertical is-layout-flex wp-container-core-group-is-layout-fe9cc265 wp-block-group-is-layout-flex\">\n<p class=\"has-text-align-left\">So erlangt Kharchen Pelgyi Waqngschuk absolute Berfreiung.<\/p>\n<\/div>","protected":false},"excerpt":{"rendered":"<p>Meditation in Dzogchen The Dzogchen path is divided into 3 series levels. This consists of the base, the path and the fruit. The base is the original state of existence, the understanding of the emptiness within it, as well as clarity and a compassionate energy. The path leads to a direct understanding of the pure [&hellip;]<\/p>\n","protected":false},"author":1,"featured_media":0,"parent":0,"menu_order":0,"comment_status":"closed","ping_status":"closed","template":"","meta":{"footnotes":""},"class_list":["post-108","page","type-page","status-publish","hentry"],"_links":{"self":[{"href":"https:\/\/drkharchenrinpoche.com\/de\/wp-json\/wp\/v2\/pages\/108","targetHints":{"allow":["GET"]}}],"collection":[{"href":"https:\/\/drkharchenrinpoche.com\/de\/wp-json\/wp\/v2\/pages"}],"about":[{"href":"https:\/\/drkharchenrinpoche.com\/de\/wp-json\/wp\/v2\/types\/page"}],"author":[{"embeddable":true,"href":"https:\/\/drkharchenrinpoche.com\/de\/wp-json\/wp\/v2\/users\/1"}],"replies":[{"embeddable":true,"href":"https:\/\/drkharchenrinpoche.com\/de\/wp-json\/wp\/v2\/comments?post=108"}],"version-history":[{"count":11,"href":"https:\/\/drkharchenrinpoche.com\/de\/wp-json\/wp\/v2\/pages\/108\/revisions"}],"predecessor-version":[{"id":374,"href":"https:\/\/drkharchenrinpoche.com\/de\/wp-json\/wp\/v2\/pages\/108\/revisions\/374"}],"wp:attachment":[{"href":"https:\/\/drkharchenrinpoche.com\/de\/wp-json\/wp\/v2\/media?parent=108"}],"curies":[{"name":"wp","href":"https:\/\/api.w.org\/{rel}","templated":true}]}}